{"id":87,"date":"2014-06-06T00:16:16","date_gmt":"2014-06-05T22:16:16","guid":{"rendered":"http:\/\/www.cem.info.pl\/?page_id=87"},"modified":"2024-10-09T19:03:26","modified_gmt":"2024-10-09T17:03:26","slug":"strona-glowna","status":"publish","type":"page","link":"https:\/\/cem.info.pl\/","title":{"rendered":"Strona g\u0142\u00f3wna"},"content":{"rendered":"<p>&nbsp;<\/p>\r\n<h3 style=\"text-align: center;\"><a href=\"https:\/\/cem.info.pl\/wp-content\/uploads\/2022\/12\/woodstock1-e1669917241642.jpg\" rel=\"lightbox[87]\"><img loading=\"lazy\" decoding=\"async\" class=\"aligncenter wp-image-2413 size-full\" src=\"https:\/\/cem.info.pl\/wp-content\/uploads\/2022\/12\/woodstock1-e1669917241642.jpg\" alt=\"\" width=\"800\" height=\"460\" srcset=\"https:\/\/cem.info.pl\/wp-content\/uploads\/2022\/12\/woodstock1-e1669917241642.jpg 800w, https:\/\/cem.info.pl\/wp-content\/uploads\/2022\/12\/woodstock1-e1669917241642-300x173.jpg 300w, https:\/\/cem.info.pl\/wp-content\/uploads\/2022\/12\/woodstock1-e1669917241642-768x442.jpg 768w\" sizes=\"auto, (max-width: 800px) 100vw, 800px\" \/><\/a><\/h3>\r\n<p style=\"text-align: center;\"><a href=\"http:\/\/www.cem.info.pl\/wp-content\/uploads\/2014\/06\/logo1.jpg\" rel=\"lightbox[87]\"><img loading=\"lazy\" decoding=\"async\" class=\"wp-image-197\" src=\"http:\/\/www.cem.info.pl\/wp-content\/uploads\/2014\/06\/logo1.jpg\" alt=\"logo1\" width=\"660\" height=\"135\" srcset=\"https:\/\/cem.info.pl\/wp-content\/uploads\/2014\/06\/logo1.jpg 777w, https:\/\/cem.info.pl\/wp-content\/uploads\/2014\/06\/logo1-300x61.jpg 300w\" sizes=\"auto, (max-width: 660px) 100vw, 660px\" \/><\/a><\/p>\r\n<h2 style=\"text-align: center;\">&#8222;Tysi\u0105c m\u00f3w na \u015bwiecie jak na drzewie li\u015bci,<\/h2>\r\n<h2 style=\"text-align: center;\">w jedno drzewo je \u0142\u0105cz\u0105 &#8211;&nbsp; kto? Esperanty\u015bci.<span style=\"font-size: 16px; line-height: 1.5;\">&#8222;<\/span><\/h2>\r\n<p style=\"text-align: right;\"><em>Jan Sztaudynger.&nbsp;&nbsp;&nbsp; <br><\/em><\/p>\r\n<p style=\"text-align: left;\">\u2192 <a href=\"https:\/\/cem.info.pl\/?page_id=89\" target=\"_blank\" rel=\"noopener\">AKTUALNO\u015aCI<\/a><\/p>\r\n<p>\u2192 <a href=\"https:\/\/cem.info.pl\/?page_id=2938\" target=\"_blank\" rel=\"noopener\">MENU<\/a><\/p>\r\n<p style=\"text-align: left;\"><strong>&nbsp;&nbsp;&nbsp; Centrum Edukacji Mi\u0119dzykulturowej w Nowym S\u0105czu<\/strong> powsta\u0142o w celu obja\u015bniania&nbsp; i nauczania o kulturze i r\u00f3\u017cnorodno\u015bci j\u0119zykowej Europy i \u015bwiata, aby zachowa\u0107 to bogactwo wszystkich narod\u00f3w i r\u00f3\u017cnych grup etnicznych.<\/p>\r\n<p style=\"text-align: left;\">&nbsp;&nbsp;&nbsp; Jak wa\u017cne s\u0105&nbsp; j\u0119zyk, kultura i zwyczaje do zachowania w\u0142asnej narodowej to\u017csamo\u015bci, potwierdza nasza wycieczka do Holandii (2014) . Tam poznali\u015bmy kultur\u0119 Fryz\u00f3w zachowan\u0105 od czas\u00f3w rzymskich, chocia\u017c nie mieli przez ten czas pa\u0144stwa, ani w\u0142asnego terytorium.<\/p>\r\n<p style=\"text-align: left;\">&nbsp;&nbsp;&nbsp; Oni pozostali narodem, bo kultywowali sw\u00f3j j\u0119zyk, kultur\u0119 i zwyczaje inne od holenderskich. Teraz Fryzowie odradzaj\u0105 si\u0119, wzmacniaj\u0105 swoj\u0105 pozycj\u0119 etnicznej mniejszo\u015bci w Holandii. Maj\u0105 ju\u017c oficjalny sw\u00f3j j\u0119zyk jako drugi pa\u0144stwowy i kilku pos\u0142\u00f3w.<\/p>\r\n<p style=\"text-align: left;\">&nbsp;&nbsp;&nbsp; Fryzj\u0119 mogli\u015bmy zwiedzi\u0107 dzi\u0119ki esperanto- j\u0119zykowi mi\u0119dzynarodowemu.. Umo\u017cliwia on kontakty i wsp\u00f3\u0142prac\u0119 w ponad 100 krajach. Jest autentycznym kluczem do wielokulturowego \u015bwiata pe\u0142nego konflikt\u00f3w, kt\u00f3ry esperanty\u015bci usi\u0142uj\u0105 zmieni\u0107. ( wg. Zamenhofa-esperantoj) na \u015bwiat mi\u0119dzykulturowy, tolerancyjny, przyjazny, szanuj\u0105cy prawa wszystkich ludzi z ich inno\u015bci\u0105 rasow\u0105, kulturow\u0105, religijn\u0105.<\/p>\r\n<p style=\"text-align: left;\">&nbsp;&nbsp;&nbsp; Zapami\u0119taj: esperanto jest nie tylko j\u0119zykiem, lecz jednocze\u015bnie celem do realizacji najpi\u0119kniejszych humanistycznych idei odwiecznych, marze\u0144 ludzko\u015bci o pokoju, tolerancji, r\u00f3wno\u015bci, przyja\u017ani. To jest te\u017c nasze marzenie i d\u0105\u017cenie.<\/p>\r\n<p style=\"text-align: left;\">&nbsp;&nbsp;&nbsp; Zapraszamy&nbsp; do wsp\u00f3lnego dzia\u0142ania, by osi\u0105gn\u0105\u0107 lepszy i pi\u0119kniejszy \u015bwiat!<\/p>\r\n<p><strong>&nbsp;&nbsp;&nbsp; Centrum Edukacji Mi\u0119dzykulturowej<\/strong> w Nowym S\u0105czu powsta\u0142o w 2012 roku.<\/p>\r\n<p>&nbsp;&nbsp;&nbsp; Grupa cz\u0142onk\u00f3w, kt\u00f3rzy tworzyli oddzia\u0142 Polskiego Zwi\u0105zku Esperantyst\u00f3w postanowi\u0142a si\u0119 usamodzielni\u0107 aby wed\u0142ug w\u0142asnej wizji realizowa\u0107 program szerszy ni\u017c ten, kt\u00f3ry realizuje PZE. Jednocze\u015bnie cz\u0119\u015b\u0107 z nas tworzy dalej oddzia\u0142&nbsp; CEM i jako ca\u0142o\u015b\u0107 wsp\u00f3\u0142pracuje z PZE. Siedzib\u0105 nasz\u0105 jest Miejski O\u015brodek Kultury, w kt\u00f3rym od kilkudziesi\u0119ciu lat odbywaj\u0105 si\u0119 lekcje Esperanta.<\/p>\r\n<p>&nbsp;&nbsp;&nbsp; Polem naszego dzia\u0142ania jest szeroko rozumiana dzia\u0142alno\u015b\u0107 edukacyjna, kulturalna i artystyczna. Szczeg\u00f3lnie wa\u017cna jest popularyzacja Esperanta, ale tak\u017ce podnoszenie poziomu j\u0119zyka angielskiego w\u015br\u00f3d naszych cz\u0142onk\u00f3w. Comiesi\u0119czne spotkania klubowe poszerzaj\u0105 wiedz\u0119 w wielu dziedzinach i integruj\u0105 grup\u0119.<\/p>\r\n<p>&nbsp;&nbsp;&nbsp; Przygotowywane s\u0105 te\u017c okoliczno\u015bciowe programy artystyczne takie jak np. uczczenie 100-nej rocznicy uzyskania niepodleg\u0142o\u015bci przez Polsk\u0119.<\/p>\r\n<p style=\"text-align: left;\"><strong>\u2192<\/strong> <a href=\"https:\/\/cem.info.pl\/wp-content\/uploads\/2024\/10\/statut2024.pdf\" target=\"_blank\" rel=\"noopener\">CEM &#8211; STATUT<\/a><\/p>\r\n<!-- \/wp:post-content --><!-- \/wp:gallery --><!-- \/wp:gallery --><!-- \/wp:gallery --><!-- \/wp:gallery --><!-- \/wp:gallery -->","protected":false},"excerpt":{"rendered":"<p>&nbsp; &#8222;Tysi\u0105c m\u00f3w na \u015bwiecie jak na drzewie li\u015bci, w jedno drzewo je \u0142\u0105cz\u0105 &#8211;&nbsp; kto? Esperanty\u015bci.&#8222; Jan Sztaudynger.&nbsp;&nbsp;&nbsp; \u2192 AKTUALNO\u015aCI \u2192 MENU &nbsp;&nbsp;&nbsp; Centrum Edukacji Mi\u0119dzykulturowej w Nowym S\u0105czu powsta\u0142o w celu obja\u015bniania&nbsp; i nauczania o kulturze i r\u00f3\u017cnorodno\u015bci j\u0119zykowej Europy i \u015bwiata, aby zachowa\u0107 to bogactwo wszystkich narod\u00f3w i r\u00f3\u017cnych grup etnicznych. &nbsp;&nbsp;&nbsp; [&hellip;]<\/p>\n","protected":false},"author":3,"featured_media":0,"parent":0,"menu_order":0,"comment_status":"closed","ping_status":"closed","template":"","meta":{"ngg_post_thumbnail":0,"footnotes":""},"class_list":["post-87","page","type-page","status-publish","hentry"],"_links":{"self":[{"href":"https:\/\/cem.info.pl\/index.php?rest_route=\/wp\/v2\/pages\/87","targetHints":{"allow":["GET"]}}],"collection":[{"href":"https:\/\/cem.info.pl\/index.php?rest_route=\/wp\/v2\/pages"}],"about":[{"href":"https:\/\/cem.info.pl\/index.php?rest_route=\/wp\/v2\/types\/page"}],"author":[{"embeddable":true,"href":"https:\/\/cem.info.pl\/index.php?rest_route=\/wp\/v2\/users\/3"}],"replies":[{"embeddable":true,"href":"https:\/\/cem.info.pl\/index.php?rest_route=%2Fwp%2Fv2%2Fcomments&post=87"}],"version-history":[{"count":178,"href":"https:\/\/cem.info.pl\/index.php?rest_route=\/wp\/v2\/pages\/87\/revisions"}],"predecessor-version":[{"id":3189,"href":"https:\/\/cem.info.pl\/index.php?rest_route=\/wp\/v2\/pages\/87\/revisions\/3189"}],"wp:attachment":[{"href":"https:\/\/cem.info.pl\/index.php?rest_route=%2Fwp%2Fv2%2Fmedia&parent=87"}],"curies":[{"name":"wp","href":"https:\/\/api.w.org\/{rel}","templated":true}]}}