{"id":853,"date":"2015-10-24T20:11:09","date_gmt":"2015-10-24T18:11:09","guid":{"rendered":"http:\/\/www.cem.info.pl\/?page_id=853"},"modified":"2015-10-30T20:00:21","modified_gmt":"2015-10-30T19:00:21","slug":"esperanto-lingvo-sen-limoj","status":"publish","type":"page","link":"https:\/\/cem.info.pl\/?page_id=853","title":{"rendered":"J\u0119zyk bez granic"},"content":{"rendered":"<p><\/p>\n<h3 style=\"text-align: center;\">Zdj\u0119cia z wystawy ESPERANTO &#8211; J\u0118ZYK \u00a0BEZ \u00a0GRANIC \u2013 wernisa\u017c w Bibliotece Jagiello\u0144skiej w Krakowie dnia 20 pa\u017adziernika 2015<\/h3>\n<p><a href=\"http:\/\/www.cem.info.pl\/wp-content\/uploads\/2015\/10\/obrazek-11ebab-4.jpeg\" rel=\"lightbox[853]\"><img loading=\"lazy\" decoding=\"async\" class=\"alignleft size-thumbnail wp-image-592\" src=\"http:\/\/www.cem.info.pl\/wp-content\/uploads\/2015\/10\/obrazek-11ebab-4-150x150.jpeg\" alt=\"obrazek-11ebab-4\" width=\"150\" height=\"150\" \/><\/a><a href=\"http:\/\/www.cem.info.pl\/wp-content\/uploads\/2015\/10\/obrazek-11ebab-2.jpeg\" rel=\"lightbox[853]\"><img loading=\"lazy\" decoding=\"async\" class=\"alignleft size-thumbnail wp-image-590\" src=\"http:\/\/www.cem.info.pl\/wp-content\/uploads\/2015\/10\/obrazek-11ebab-2-150x150.jpeg\" alt=\"obrazek-11ebab-2\" width=\"150\" height=\"150\" \/><\/a><a href=\"http:\/\/www.cem.info.pl\/wp-content\/uploads\/2015\/10\/obrazek-11ebab-3.jpeg\" rel=\"lightbox[853]\"><img loading=\"lazy\" decoding=\"async\" class=\"alignleft size-thumbnail wp-image-591\" src=\"http:\/\/www.cem.info.pl\/wp-content\/uploads\/2015\/10\/obrazek-11ebab-3-150x150.jpeg\" alt=\"obrazek-11ebab-3\" width=\"150\" height=\"150\" \/><\/a><a href=\"http:\/\/www.cem.info.pl\/wp-content\/uploads\/2015\/10\/obrazek-11ebab-6.jpeg\" rel=\"lightbox[853]\"><img loading=\"lazy\" decoding=\"async\" class=\"alignleft size-thumbnail wp-image-594\" src=\"http:\/\/www.cem.info.pl\/wp-content\/uploads\/2015\/10\/obrazek-11ebab-6-150x150.jpeg\" alt=\"obrazek-11ebab-6\" width=\"150\" height=\"150\" \/><\/a><a href=\"http:\/\/www.cem.info.pl\/wp-content\/uploads\/2015\/10\/obrazek-11ebab-8.jpeg\" rel=\"lightbox[853]\"><img loading=\"lazy\" decoding=\"async\" class=\"alignleft size-thumbnail wp-image-596\" src=\"http:\/\/www.cem.info.pl\/wp-content\/uploads\/2015\/10\/obrazek-11ebab-8-150x150.jpeg\" alt=\"obrazek-11ebab-8\" width=\"150\" height=\"150\" \/><\/a><a href=\"http:\/\/www.cem.info.pl\/wp-content\/uploads\/2015\/10\/img_6347.jpg\" rel=\"lightbox[853]\"><img loading=\"lazy\" decoding=\"async\" class=\"alignleft size-thumbnail wp-image-624\" src=\"http:\/\/www.cem.info.pl\/wp-content\/uploads\/2015\/10\/img_6347-150x150.jpg\" alt=\"IMG_6347\" width=\"150\" height=\"150\" \/><\/a><a href=\"http:\/\/www.cem.info.pl\/wp-content\/uploads\/2015\/10\/img_6355.jpg\" rel=\"lightbox[853]\"><img loading=\"lazy\" decoding=\"async\" class=\"alignleft size-thumbnail wp-image-625\" src=\"http:\/\/www.cem.info.pl\/wp-content\/uploads\/2015\/10\/img_6355-150x150.jpg\" alt=\"IMG_6355\" width=\"150\" height=\"150\" \/><\/a><a href=\"http:\/\/www.cem.info.pl\/wp-content\/uploads\/2015\/10\/img_6351.jpg\" rel=\"lightbox[853]\"><img loading=\"lazy\" decoding=\"async\" class=\"alignleft size-thumbnail wp-image-626\" src=\"http:\/\/www.cem.info.pl\/wp-content\/uploads\/2015\/10\/img_6351-150x150.jpg\" alt=\"IMG_6351\" width=\"150\" height=\"150\" \/><\/a><a href=\"http:\/\/www.cem.info.pl\/wp-content\/uploads\/2015\/10\/img_6380.jpg\" rel=\"lightbox[853]\"><img loading=\"lazy\" decoding=\"async\" class=\"alignleft size-thumbnail wp-image-627\" src=\"http:\/\/www.cem.info.pl\/wp-content\/uploads\/2015\/10\/img_6380-150x150.jpg\" alt=\"IMG_6380\" width=\"150\" height=\"150\" \/><\/a><a href=\"http:\/\/www.cem.info.pl\/wp-content\/uploads\/2015\/10\/img_6378.jpg\" rel=\"lightbox[853]\"><img loading=\"lazy\" decoding=\"async\" class=\"alignleft size-thumbnail wp-image-628\" src=\"http:\/\/www.cem.info.pl\/wp-content\/uploads\/2015\/10\/img_6378-150x150.jpg\" alt=\"IMG_6378\" width=\"150\" height=\"150\" \/><\/a><a href=\"http:\/\/www.cem.info.pl\/wp-content\/uploads\/2015\/10\/img_6375.jpg\" rel=\"lightbox[853]\"><img loading=\"lazy\" decoding=\"async\" class=\"alignleft size-thumbnail wp-image-629\" src=\"http:\/\/www.cem.info.pl\/wp-content\/uploads\/2015\/10\/img_6375-150x150.jpg\" alt=\"IMG_6375\" width=\"150\" height=\"150\" \/><\/a><a href=\"http:\/\/www.cem.info.pl\/wp-content\/uploads\/2015\/10\/img_6373.jpg\" rel=\"lightbox[853]\"><img loading=\"lazy\" decoding=\"async\" class=\"alignleft size-thumbnail wp-image-630\" src=\"http:\/\/www.cem.info.pl\/wp-content\/uploads\/2015\/10\/img_6373-150x150.jpg\" alt=\"IMG_6373\" width=\"150\" height=\"150\" \/><\/a><a href=\"http:\/\/www.cem.info.pl\/wp-content\/uploads\/2015\/10\/img_6364.jpg\" rel=\"lightbox[853]\"><img loading=\"lazy\" decoding=\"async\" class=\"alignleft size-thumbnail wp-image-632\" src=\"http:\/\/www.cem.info.pl\/wp-content\/uploads\/2015\/10\/img_6364-150x150.jpg\" alt=\"IMG_6364\" width=\"150\" height=\"150\" \/><\/a><a href=\"http:\/\/www.cem.info.pl\/wp-content\/uploads\/2015\/10\/img_6360.jpg\" rel=\"lightbox[853]\"><img loading=\"lazy\" decoding=\"async\" class=\"alignleft size-thumbnail wp-image-634\" src=\"http:\/\/www.cem.info.pl\/wp-content\/uploads\/2015\/10\/img_6360-150x150.jpg\" alt=\"IMG_6360\" width=\"150\" height=\"150\" \/><\/a><a href=\"http:\/\/www.cem.info.pl\/wp-content\/uploads\/2015\/10\/img_6396.jpg\" rel=\"lightbox[853]\"><img loading=\"lazy\" decoding=\"async\" class=\"alignleft size-thumbnail wp-image-636\" src=\"http:\/\/www.cem.info.pl\/wp-content\/uploads\/2015\/10\/img_6396-150x150.jpg\" alt=\"IMG_6396\" width=\"150\" height=\"150\" \/><\/a><a href=\"http:\/\/www.cem.info.pl\/wp-content\/uploads\/2015\/10\/img_6384.jpg\" rel=\"lightbox[853]\"><img loading=\"lazy\" decoding=\"async\" class=\"alignleft size-thumbnail wp-image-638\" src=\"http:\/\/www.cem.info.pl\/wp-content\/uploads\/2015\/10\/img_6384-150x150.jpg\" alt=\"IMG_6384\" width=\"150\" height=\"150\" \/><\/a><a href=\"http:\/\/www.cem.info.pl\/wp-content\/uploads\/2015\/10\/img_6177_male.jpg\" rel=\"lightbox[853]\"><img loading=\"lazy\" decoding=\"async\" class=\"alignleft size-thumbnail wp-image-688\" src=\"http:\/\/www.cem.info.pl\/wp-content\/uploads\/2015\/10\/img_6177_male-150x150.jpg\" alt=\"IMG_6177_male\" width=\"150\" height=\"150\" \/><\/a><a href=\"http:\/\/www.cem.info.pl\/wp-content\/uploads\/2015\/10\/img_6174_male.jpg\" rel=\"lightbox[853]\"><img loading=\"lazy\" decoding=\"async\" class=\"alignleft size-thumbnail wp-image-689\" src=\"http:\/\/www.cem.info.pl\/wp-content\/uploads\/2015\/10\/img_6174_male-150x150.jpg\" alt=\"IMG_6174_male\" width=\"150\" height=\"150\" \/><\/a><a href=\"http:\/\/www.cem.info.pl\/wp-content\/uploads\/2015\/10\/img_6170_male.jpg\" rel=\"lightbox[853]\"><img loading=\"lazy\" decoding=\"async\" class=\"alignleft size-thumbnail wp-image-690\" src=\"http:\/\/www.cem.info.pl\/wp-content\/uploads\/2015\/10\/img_6170_male-150x150.jpg\" alt=\"IMG_6170_male\" width=\"150\" height=\"150\" \/><\/a><a href=\"http:\/\/www.cem.info.pl\/wp-content\/uploads\/2015\/10\/img_6152_male.jpg\" rel=\"lightbox[853]\"><img loading=\"lazy\" decoding=\"async\" class=\"alignleft size-thumbnail wp-image-691\" src=\"http:\/\/www.cem.info.pl\/wp-content\/uploads\/2015\/10\/img_6152_male-150x150.jpg\" alt=\"IMG_6152_male\" width=\"150\" height=\"150\" \/><\/a><a href=\"http:\/\/www.cem.info.pl\/wp-content\/uploads\/2015\/10\/img_6117_male.jpg\" rel=\"lightbox[853]\"><img loading=\"lazy\" decoding=\"async\" class=\"alignleft size-thumbnail wp-image-693\" src=\"http:\/\/www.cem.info.pl\/wp-content\/uploads\/2015\/10\/img_6117_male-150x150.jpg\" alt=\"IMG_6117_male\" width=\"150\" height=\"150\" \/><\/a><a href=\"http:\/\/www.cem.info.pl\/wp-content\/uploads\/2015\/10\/img_6116_male.jpg\" rel=\"lightbox[853]\"><img loading=\"lazy\" decoding=\"async\" class=\"alignleft size-thumbnail wp-image-694\" src=\"http:\/\/www.cem.info.pl\/wp-content\/uploads\/2015\/10\/img_6116_male-150x150.jpg\" alt=\"IMG_6116_male\" width=\"150\" height=\"150\" \/><\/a><a href=\"http:\/\/www.cem.info.pl\/wp-content\/uploads\/2015\/10\/img_6107_male.jpg\" rel=\"lightbox[853]\"><img loading=\"lazy\" decoding=\"async\" class=\"alignleft size-thumbnail wp-image-695\" src=\"http:\/\/www.cem.info.pl\/wp-content\/uploads\/2015\/10\/img_6107_male-150x150.jpg\" alt=\"IMG_6107_male\" width=\"150\" height=\"150\" \/><\/a><\/p>\n<p><a href=\"http:\/\/www.cem.info.pl\/wp-content\/uploads\/2015\/10\/img_6117_male.jpg\" rel=\"lightbox[853]\"><br \/>\n<\/a><a href=\"http:\/\/www.cem.info.pl\/wp-content\/uploads\/2015\/10\/obrazek-11ebab-9.jpeg\" rel=\"lightbox[853]\"><br \/>\n<\/a><\/p>","protected":false},"excerpt":{"rendered":"<p>Zdj\u0119cia z wystawy ESPERANTO &#8211; J\u0118ZYK \u00a0BEZ \u00a0GRANIC \u2013 wernisa\u017c w Bibliotece Jagiello\u0144skiej w Krakowie dnia 20 pa\u017adziernika 2015<\/p>\n","protected":false},"author":3,"featured_media":0,"parent":106,"menu_order":9,"comment_status":"closed","ping_status":"closed","template":"","meta":{"ngg_post_thumbnail":0,"footnotes":""},"class_list":["post-853","page","type-page","status-publish","hentry"],"_links":{"self":[{"href":"https:\/\/cem.info.pl\/index.php?rest_route=\/wp\/v2\/pages\/853","targetHints":{"allow":["GET"]}}],"collection":[{"href":"https:\/\/cem.info.pl\/index.php?rest_route=\/wp\/v2\/pages"}],"about":[{"href":"https:\/\/cem.info.pl\/index.php?rest_route=\/wp\/v2\/types\/page"}],"author":[{"embeddable":true,"href":"https:\/\/cem.info.pl\/index.php?rest_route=\/wp\/v2\/users\/3"}],"replies":[{"embeddable":true,"href":"https:\/\/cem.info.pl\/index.php?rest_route=%2Fwp%2Fv2%2Fcomments&post=853"}],"version-history":[{"count":8,"href":"https:\/\/cem.info.pl\/index.php?rest_route=\/wp\/v2\/pages\/853\/revisions"}],"predecessor-version":[{"id":1328,"href":"https:\/\/cem.info.pl\/index.php?rest_route=\/wp\/v2\/pages\/853\/revisions\/1328"}],"up":[{"embeddable":true,"href":"https:\/\/cem.info.pl\/index.php?rest_route=\/wp\/v2\/pages\/106"}],"wp:attachment":[{"href":"https:\/\/cem.info.pl\/index.php?rest_route=%2Fwp%2Fv2%2Fmedia&parent=853"}],"curies":[{"name":"wp","href":"https:\/\/api.w.org\/{rel}","templated":true}]}}