{"id":332,"date":"2015-09-25T23:31:42","date_gmt":"2015-09-25T21:31:42","guid":{"rendered":"http:\/\/www.cem.info.pl\/?page_id=332"},"modified":"2015-10-21T19:20:14","modified_gmt":"2015-10-21T17:20:14","slug":"wydarzenia","status":"publish","type":"page","link":"https:\/\/cem.info.pl\/?page_id=332","title":{"rendered":"Wydarzenia"},"content":{"rendered":"<p><\/p>\n<p style=\"text-align: center;\">\n<p style=\"text-align: justify;\"><span style=\"color: #333333;\">W tej cz\u0119\u015bci znajduj\u0105 si\u0119 wydarzenia, informacje, nowo\u015bci projektu w chronologicznym porz\u0105dku. Wydarzenia te by\u0142y zgodne z zaakceptowanym planem. Wszyscy partnerzy wykonywali programy w swoich w\u0142asnych krajach oraz organizowali jedno mi\u0119dzynarodowe spotkanie, na kt\u00f3ry przyje\u017cd\u017cali delegaci z wszystkich partnerskich kraj\u00f3w.<\/span><\/p>\n<p style=\"text-align: justify;\"><span style=\"color: #333333;\">Opr\u00f3cz czterech spotka\u0144, wizyt w krajach partnerskich, wszystkie organizacje wype\u0142nia\u0142y swoje zadania tak\u017ce w miesi\u0105cach pomi\u0119dzy mi\u0119dzynarodowymi spotkaniami. Organizowali materia\u0142y potrzebne dla g\u0142\u00f3wnych temat\u00f3w wsp\u00f3lnego projektu, zbierali idee, przemy\u015blali, analizowali i przygotowywali seminaryjne tematy.<\/span><\/p>\n<p style=\"text-align: justify;\"><span style=\"color: #333333;\">Podczas ca\u0142ego okresu trwania projektu wa\u017cnym zadaniem dla wszystkich by\u0142o staranie si\u0119 o regularn\u0105 i dok\u0142adn\u0105 dokumentacj\u0119, organizowanie szerokiej krajowej i mi\u0119dzynarodowej informacji o zawarto\u015bci i realizacji projektu, o w\u0142asnych i wsp\u00f3lnych dzia\u0142aniach oraz rozpowszechnianiu osi\u0105gni\u0119\u0107 i rezultat\u00f3w.<\/span><\/p>\n<p style=\"text-align: justify;\"><span style=\"color: #333333;\">Powinni\u015bcie kontynuowa\u0107 dzia\u0142alno\u015b\u0107 partner\u00f3w projektu, poznawa\u0107 nasz\u0105 prac\u0119 na wielu polach w odniesieniu do wybranych temat\u00f3w, otrzymujecie wgl\u0105d w wydarzenia i mo\u017cecie do\u015bwiadcza\u0107 tego co my robimy, jak wsp\u00f3\u0142pracujemy, co i jak, krok po kroku realizujemy i co osi\u0105gamy.<\/span><\/p>\n<p style=\"text-align: justify;\"><span style=\"color: #333333;\">W wyniku wydarze\u0144, prezentowanych materia\u0142\u00f3w, fotoalbum\u00f3w, zdj\u0119\u0107 czytaj\u0105cy otrzymuj\u0105 bogat\u0105 informacje o rozwoju naszego projektu.<\/span><\/p>\n<p><span style=\"color: #333333;\">Prosz\u0119 wybra\u0107 po\u017c\u0105dany rok: 2013,2014, 2015<\/span><\/p>\n<p style=\"text-align: center;\">\n<p><\/p>","protected":false},"excerpt":{"rendered":"<p>W tej cz\u0119\u015bci znajduj\u0105 si\u0119 wydarzenia, informacje, nowo\u015bci projektu w chronologicznym porz\u0105dku. Wydarzenia te by\u0142y zgodne z zaakceptowanym planem. Wszyscy partnerzy wykonywali programy w swoich w\u0142asnych krajach oraz organizowali jedno mi\u0119dzynarodowe spotkanie, na kt\u00f3ry przyje\u017cd\u017cali delegaci z wszystkich partnerskich kraj\u00f3w. Opr\u00f3cz czterech spotka\u0144, wizyt w krajach partnerskich, wszystkie organizacje wype\u0142nia\u0142y swoje zadania tak\u017ce w miesi\u0105cach [&hellip;]<\/p>\n","protected":false},"author":3,"featured_media":0,"parent":508,"menu_order":2,"comment_status":"closed","ping_status":"closed","template":"","meta":{"ngg_post_thumbnail":0,"footnotes":""},"class_list":["post-332","page","type-page","status-publish","hentry"],"_links":{"self":[{"href":"https:\/\/cem.info.pl\/index.php?rest_route=\/wp\/v2\/pages\/332","targetHints":{"allow":["GET"]}}],"collection":[{"href":"https:\/\/cem.info.pl\/index.php?rest_route=\/wp\/v2\/pages"}],"about":[{"href":"https:\/\/cem.info.pl\/index.php?rest_route=\/wp\/v2\/types\/page"}],"author":[{"embeddable":true,"href":"https:\/\/cem.info.pl\/index.php?rest_route=\/wp\/v2\/users\/3"}],"replies":[{"embeddable":true,"href":"https:\/\/cem.info.pl\/index.php?rest_route=%2Fwp%2Fv2%2Fcomments&post=332"}],"version-history":[{"count":6,"href":"https:\/\/cem.info.pl\/index.php?rest_route=\/wp\/v2\/pages\/332\/revisions"}],"predecessor-version":[{"id":562,"href":"https:\/\/cem.info.pl\/index.php?rest_route=\/wp\/v2\/pages\/332\/revisions\/562"}],"up":[{"embeddable":true,"href":"https:\/\/cem.info.pl\/index.php?rest_route=\/wp\/v2\/pages\/508"}],"wp:attachment":[{"href":"https:\/\/cem.info.pl\/index.php?rest_route=%2Fwp%2Fv2%2Fmedia&parent=332"}],"curies":[{"name":"wp","href":"https:\/\/api.w.org\/{rel}","templated":true}]}}