{"id":2938,"date":"2023-08-22T19:01:31","date_gmt":"2023-08-22T17:01:31","guid":{"rendered":"https:\/\/cem.info.pl\/?page_id=2938"},"modified":"2023-11-02T20:02:35","modified_gmt":"2023-11-02T19:02:35","slug":"menu","status":"publish","type":"page","link":"https:\/\/cem.info.pl\/?page_id=2938","title":{"rendered":"Menu"},"content":{"rendered":"<p><a href=\"https:\/\/cem.info.pl\/wp-content\/uploads\/2023\/08\/por-kaj-kontrau-esperanto-2.jpg\" rel=\"lightbox[2938]\"><img loading=\"lazy\" decoding=\"async\" class=\"alignnone wp-image-2942 size-full\" src=\"https:\/\/cem.info.pl\/wp-content\/uploads\/2023\/08\/por-kaj-kontrau-esperanto-2.jpg\" alt=\"\" width=\"271\" height=\"181\"><\/a><\/p>\n<ul>\n<li><a href=\"https:\/\/cem.info.pl\/\" target=\"_blank\" rel=\"noopener\">Strona g\u0142\u00f3wna<\/a><\/li>\n<li><a href=\"https:\/\/cem.info.pl\/?page_id=89\" target=\"_blank\" rel=\"noopener\">Aktualno\u015bci<\/a><\/li>\n<li><a href=\"https:\/\/cem.info.pl\/?page_id=2070\" target=\"_blank\" rel=\"noopener\">Projekty<\/a><br \/>\n&nbsp;&nbsp;&nbsp;&nbsp;&nbsp; <a href=\"https:\/\/cem.info.pl\/?page_id=1490\" target=\"_blank\" rel=\"noopener\">Woodstock<\/a><br \/>\n&nbsp;&nbsp;&nbsp;&nbsp;&nbsp; <a href=\"https:\/\/cem.info.pl\/?page_id=2038\" target=\"_blank\" rel=\"noopener\">Polandrok<\/a><br \/>\n&nbsp;&nbsp;&nbsp;&nbsp;&nbsp; <a href=\"https:\/\/cem.info.pl\/?page_id=508\" target=\"_blank\" rel=\"noopener\">Grundtvig<\/a><br \/>\n&nbsp;&nbsp;&nbsp;&nbsp;&nbsp;&nbsp;&nbsp;&nbsp;&nbsp;&nbsp;&nbsp; <a href=\"https:\/\/cem.info.pl\/?page_id=516\" target=\"_blank\" rel=\"noopener\">Informacje<\/a><br \/>\n&nbsp;&nbsp;&nbsp;&nbsp;&nbsp;&nbsp;&nbsp;&nbsp;&nbsp;&nbsp;&nbsp; <a href=\"https:\/\/cem.info.pl\/?page_id=332\" target=\"_blank\" rel=\"noopener\">Wydarzenia<\/a><br \/>\n&nbsp;&nbsp;&nbsp;&nbsp;&nbsp;&nbsp;&nbsp;&nbsp;&nbsp;&nbsp;&nbsp;&nbsp;&nbsp;&nbsp;&nbsp;&nbsp;&nbsp; <a href=\"https:\/\/cem.info.pl\/?page_id=336\" target=\"_blank\" rel=\"noopener\">Rok 2013<\/a><br \/>\n&nbsp;&nbsp;&nbsp;&nbsp;&nbsp;&nbsp;&nbsp;&nbsp;&nbsp;&nbsp;&nbsp;&nbsp;&nbsp;&nbsp;&nbsp;&nbsp;&nbsp; <a href=\"https:\/\/cem.info.pl\/?page_id=353\" target=\"_blank\" rel=\"noopener\">Rok 2014<\/a><br \/>\n&nbsp;&nbsp;&nbsp;&nbsp;&nbsp;&nbsp;&nbsp;&nbsp;&nbsp;&nbsp;&nbsp;&nbsp;&nbsp;&nbsp;&nbsp;&nbsp;&nbsp; <a href=\"https:\/\/cem.info.pl\/?page_id=381\" target=\"_blank\" rel=\"noopener\">Rok 2015<\/a><br \/>\n&nbsp;&nbsp;&nbsp;&nbsp;&nbsp;&nbsp;&nbsp;&nbsp;&nbsp;&nbsp;&nbsp; <a href=\"https:\/\/cem.info.pl\/?page_id=405\" target=\"_blank\" rel=\"noopener\">Raporty<\/a><br \/>\n&nbsp;&nbsp;&nbsp;&nbsp;&nbsp; <a href=\"https:\/\/cem.info.pl\/?page_id=1399\" target=\"_blank\" rel=\"noopener\">Erasmus+<\/a><br \/>\n&nbsp;&nbsp;&nbsp;&nbsp;&nbsp;&nbsp;&nbsp;&nbsp;&nbsp;&nbsp;&nbsp; <a href=\"https:\/\/cem.info.pl\/?page_id=3013\">Znajomo\u015b\u0107 j\u0119zyk\u00f3w obcych poszerza horyzonty<\/a><br \/>\n&nbsp;&nbsp;&nbsp;&nbsp;&nbsp;&nbsp;&nbsp;&nbsp;&nbsp;&nbsp;&nbsp; <a href=\"https:\/\/cem.info.pl\/?page_id=2324\" target=\"_blank\" rel=\"noopener\">Ucieczka od Staro\u015bci do Esperancji<\/a><br \/>\n&nbsp;&nbsp;&nbsp;&nbsp;&nbsp;&nbsp;&nbsp;&nbsp;&nbsp;&nbsp;&nbsp; <a href=\"https:\/\/cem.info.pl\/?page_id=1429\" target=\"_blank\" rel=\"noopener\">KAEST<\/a><br \/>\n&nbsp;&nbsp;&nbsp;&nbsp;&nbsp;&nbsp;&nbsp;&nbsp;&nbsp;&nbsp;&nbsp; <a href=\"https:\/\/cem.info.pl\/?page_id=2440\" target=\"_blank\" rel=\"noopener\">Poeta dw\u00f3ch narod\u00f3w<\/a><\/li>\n<li><a href=\"https:\/\/cem.info.pl\/?page_id=98\" target=\"_blank\" rel=\"noopener\">O Esperanto<\/a><\/li>\n<li><a href=\"https:\/\/cem.info.pl\/?page_id=104\" target=\"_blank\" rel=\"noopener\">Wsp\u00f3\u0142praca<\/a><\/li>\n<li><a href=\"https:\/\/cem.info.pl\/?page_id=102\" target=\"_blank\" rel=\"noopener\">Media<\/a><\/li>\n<li><a href=\"https:\/\/cem.info.pl\/?page_id=106\" target=\"_blank\" rel=\"noopener\">Fotogaleria<\/a><\/li>\n<li><a href=\"https:\/\/cem.info.pl\/?page_id=2306\" target=\"_blank\" rel=\"noopener\">Polityka prywatno\u015bci<\/a><\/li>\n<li><a href=\"https:\/\/cem.info.pl\/?page_id=2286\" target=\"_blank\" rel=\"noopener\">Rodo<\/a><\/li>\n<\/ul>\n<p><\/p>","protected":false},"excerpt":{"rendered":"<p>Strona g\u0142\u00f3wna Aktualno\u015bci Projekty &nbsp;&nbsp;&nbsp;&nbsp;&nbsp; Woodstock &nbsp;&nbsp;&nbsp;&nbsp;&nbsp; Polandrok &nbsp;&nbsp;&nbsp;&nbsp;&nbsp; Grundtvig &nbsp;&nbsp;&nbsp;&nbsp;&nbsp;&nbsp;&nbsp;&nbsp;&nbsp;&nbsp;&nbsp; Informacje &nbsp;&nbsp;&nbsp;&nbsp;&nbsp;&nbsp;&nbsp;&nbsp;&nbsp;&nbsp;&nbsp; Wydarzenia &nbsp;&nbsp;&nbsp;&nbsp;&nbsp;&nbsp;&nbsp;&nbsp;&nbsp;&nbsp;&nbsp;&nbsp;&nbsp;&nbsp;&nbsp;&nbsp;&nbsp; Rok 2013 &nbsp;&nbsp;&nbsp;&nbsp;&nbsp;&nbsp;&nbsp;&nbsp;&nbsp;&nbsp;&nbsp;&nbsp;&nbsp;&nbsp;&nbsp;&nbsp;&nbsp; Rok 2014 &nbsp;&nbsp;&nbsp;&nbsp;&nbsp;&nbsp;&nbsp;&nbsp;&nbsp;&nbsp;&nbsp;&nbsp;&nbsp;&nbsp;&nbsp;&nbsp;&nbsp; Rok 2015 &nbsp;&nbsp;&nbsp;&nbsp;&nbsp;&nbsp;&nbsp;&nbsp;&nbsp;&nbsp;&nbsp; Raporty &nbsp;&nbsp;&nbsp;&nbsp;&nbsp; Erasmus+ &nbsp;&nbsp;&nbsp;&nbsp;&nbsp;&nbsp;&nbsp;&nbsp;&nbsp;&nbsp;&nbsp; Znajomo\u015b\u0107 j\u0119zyk\u00f3w obcych poszerza horyzonty &nbsp;&nbsp;&nbsp;&nbsp;&nbsp;&nbsp;&nbsp;&nbsp;&nbsp;&nbsp;&nbsp; Ucieczka od Staro\u015bci do Esperancji &nbsp;&nbsp;&nbsp;&nbsp;&nbsp;&nbsp;&nbsp;&nbsp;&nbsp;&nbsp;&nbsp; KAEST &nbsp;&nbsp;&nbsp;&nbsp;&nbsp;&nbsp;&nbsp;&nbsp;&nbsp;&nbsp;&nbsp; Poeta dw\u00f3ch narod\u00f3w O Esperanto Wsp\u00f3\u0142praca Media Fotogaleria Polityka prywatno\u015bci Rodo<\/p>\n","protected":false},"author":4,"featured_media":0,"parent":0,"menu_order":0,"comment_status":"closed","ping_status":"closed","template":"","meta":{"ngg_post_thumbnail":0,"footnotes":""},"class_list":["post-2938","page","type-page","status-publish","hentry"],"_links":{"self":[{"href":"https:\/\/cem.info.pl\/index.php?rest_route=\/wp\/v2\/pages\/2938","targetHints":{"allow":["GET"]}}],"collection":[{"href":"https:\/\/cem.info.pl\/index.php?rest_route=\/wp\/v2\/pages"}],"about":[{"href":"https:\/\/cem.info.pl\/index.php?rest_route=\/wp\/v2\/types\/page"}],"author":[{"embeddable":true,"href":"https:\/\/cem.info.pl\/index.php?rest_route=\/wp\/v2\/users\/4"}],"replies":[{"embeddable":true,"href":"https:\/\/cem.info.pl\/index.php?rest_route=%2Fwp%2Fv2%2Fcomments&post=2938"}],"version-history":[{"count":11,"href":"https:\/\/cem.info.pl\/index.php?rest_route=\/wp\/v2\/pages\/2938\/revisions"}],"predecessor-version":[{"id":3016,"href":"https:\/\/cem.info.pl\/index.php?rest_route=\/wp\/v2\/pages\/2938\/revisions\/3016"}],"wp:attachment":[{"href":"https:\/\/cem.info.pl\/index.php?rest_route=%2Fwp%2Fv2%2Fmedia&parent=2938"}],"curies":[{"name":"wp","href":"https:\/\/api.w.org\/{rel}","templated":true}]}}