{"id":2324,"date":"2022-09-23T01:23:40","date_gmt":"2022-09-22T23:23:40","guid":{"rendered":"https:\/\/cem.info.pl\/?page_id=2324"},"modified":"2022-12-19T12:01:29","modified_gmt":"2022-12-19T11:01:29","slug":"ucieczka-od-starosci-do-esperancji","status":"publish","type":"page","link":"https:\/\/cem.info.pl\/?page_id=2324","title":{"rendered":"Ucieczka od Staro\u015bci do Esperancji"},"content":{"rendered":"<p><strong><em>INFORMACJA O PROJEKCIE&nbsp; \u201eUcieczka od Staro\u015bci do Esperancji\u201d<\/em><\/strong><\/p>\n<p>&nbsp;Stowarzyszenie Centrum Edukacji Mi\u0119dzykulturowej w&nbsp; Nowym S\u0105czu&nbsp; (CEM) realizuje projekt &nbsp;(autork\u0105 jest Prezes&nbsp; CEM Halina Komar ) \u201eUcieczka od Staro\u015bci do Esperancji\u201d w ramach&nbsp; programu Erasmus +&nbsp; Akcja KA122 \u2013AD \u2013&nbsp; kr\u00f3tkoterminowe projekty na rzecz mobilno\u015bci os\u00f3b ucz\u0105cych si\u0119&nbsp; i kadry edukacyjnej&nbsp; dofinansowany przez&nbsp; Uni\u0119 Europejsk\u0105.<\/p>\n<p>&nbsp;W projekcie bior\u0105 udzia\u0142&nbsp; przede wszystkim&nbsp; osoby , kt\u00f3re<\/p>\n<ul>\n<li>uko\u0144czy\u0142y 60 lat \u017cycia<\/li>\n<li>uczestnicz\u0105&nbsp; w szkoleniach, kursach, warsztatach organizowanych przez CEM ,<\/li>\n<li>maj\u0105 potrzeb\u0119 podnoszenia swoich umiej\u0119tno\u015bci&nbsp; w zakresie umiej\u0119tno\u015bci podstawowych&nbsp; oraz wzmacniania swoich kluczowych kompetencji&nbsp; potrzebnych do osobistego rozwoju i spe\u0142nienia, do&nbsp; aktywno\u015bci&nbsp; obywatelskiej i w\u0142\u0105czenia obywatelskiego, do znoszenia barier . kt\u00f3re&nbsp; napotykaj\u0105 doros\u0142e&nbsp; osoby ucz\u0105ce si\u0119 w kontaktach spo\u0142ecznych,<\/li>\n<li>aktywnie realizuj\u0105 dzia\u0142ania&nbsp; \u2013 zgodnie z podpisan\u0105 deklaracj\u0105 i umow\u0105.<\/li>\n<\/ul>\n<p>Udzia\u0142 w projekcie to:<\/p>\n<ol>\n<li>Uczestniczenie&nbsp; we&nbsp; wszystkich&nbsp; zaj\u0119ciach przygotowawczych do wyjazdu do&nbsp; organizacji przyjmuj\u0105cej&nbsp; Deutscher Esperanto \u2013 Bund&nbsp; V.&nbsp;&nbsp;&nbsp;&nbsp;&nbsp; w Herzbergu am Herz &nbsp;&nbsp;(wirtualnych&nbsp;&nbsp; i fizycznych \u2013 to jest prowadzonych metod\u0105 brended)&nbsp; \u2013&nbsp; wyk\u0142adach, szkoleniach kursach, warsztatach&nbsp; organizowanych&nbsp; przez beneficjenta, &nbsp;kt\u00f3rym jest CEM , zgodnie&nbsp; z &nbsp;indywidualnie podpisywanymi deklaracjami&nbsp; udzia\u0142u w projekcie &nbsp;&nbsp;oraz &nbsp;umowami<\/li>\n<li>Wyjazd i pobyt w Herzbergu am Herz (\u0142\u0105cznie z podr\u00f3\u017c\u0105 14 dni) oraz &nbsp;aktywne uczestnictwo we wszystkich&nbsp; dzia\u0142aniach podczas pobytu.<\/li>\n<\/ol>\n<p>&nbsp;W ramach projektu zapewnia si\u0119- warunki do realizacji dzia\u0142a\u0144 przygotowawczych do mobilno\u015bci oraz transport, noclegi wy\u017cywienie, ubezpieczenie i atrakcyjne aktywno\u015bci w czasie pobytu w Herzbergu.&nbsp;<\/p>\n<h3><a href=\"https:\/\/cem.info.pl\/wp-content\/uploads\/2022\/12\/herzberg-2022-relacja.pdf\" target=\"_blank\" rel=\"noopener\">Relacja z realizacji projektu &gt;&gt;&gt;<\/a><\/h3>\n<p><img loading=\"lazy\" decoding=\"async\" class=\"aligncenter size-full wp-image-2317\" src=\"https:\/\/cem.info.pl\/wp-content\/uploads\/2022\/05\/logo_cofound_by_eu.webp\" sizes=\"auto, (max-width: 400px) 100vw, 400px\" srcset=\"https:\/\/cem.info.pl\/wp-content\/uploads\/2022\/05\/logo_cofound_by_eu.webp 400w, https:\/\/cem.info.pl\/wp-content\/uploads\/2022\/05\/logo_cofound_by_eu-300x53.webp 300w\" alt=\"\" width=\"400\" height=\"71\"><\/p>","protected":false},"excerpt":{"rendered":"<p>INFORMACJA O PROJEKCIE&nbsp; \u201eUcieczka od Staro\u015bci do Esperancji\u201d &nbsp;Stowarzyszenie Centrum Edukacji Mi\u0119dzykulturowej w&nbsp; Nowym S\u0105czu&nbsp; (CEM) realizuje projekt &nbsp;(autork\u0105 jest Prezes&nbsp; CEM Halina Komar ) \u201eUcieczka od Staro\u015bci do Esperancji\u201d w ramach&nbsp; programu Erasmus +&nbsp; Akcja KA122 \u2013AD \u2013&nbsp; kr\u00f3tkoterminowe projekty na rzecz mobilno\u015bci os\u00f3b ucz\u0105cych si\u0119&nbsp; i kadry edukacyjnej&nbsp; dofinansowany przez&nbsp; Uni\u0119 Europejsk\u0105. &nbsp;W [&hellip;]<\/p>\n","protected":false},"author":1,"featured_media":0,"parent":1399,"menu_order":1,"comment_status":"closed","ping_status":"closed","template":"","meta":{"ngg_post_thumbnail":0,"footnotes":""},"class_list":["post-2324","page","type-page","status-publish","hentry"],"_links":{"self":[{"href":"https:\/\/cem.info.pl\/index.php?rest_route=\/wp\/v2\/pages\/2324","targetHints":{"allow":["GET"]}}],"collection":[{"href":"https:\/\/cem.info.pl\/index.php?rest_route=\/wp\/v2\/pages"}],"about":[{"href":"https:\/\/cem.info.pl\/index.php?rest_route=\/wp\/v2\/types\/page"}],"author":[{"embeddable":true,"href":"https:\/\/cem.info.pl\/index.php?rest_route=\/wp\/v2\/users\/1"}],"replies":[{"embeddable":true,"href":"https:\/\/cem.info.pl\/index.php?rest_route=%2Fwp%2Fv2%2Fcomments&post=2324"}],"version-history":[{"count":5,"href":"https:\/\/cem.info.pl\/index.php?rest_route=\/wp\/v2\/pages\/2324\/revisions"}],"predecessor-version":[{"id":2549,"href":"https:\/\/cem.info.pl\/index.php?rest_route=\/wp\/v2\/pages\/2324\/revisions\/2549"}],"up":[{"embeddable":true,"href":"https:\/\/cem.info.pl\/index.php?rest_route=\/wp\/v2\/pages\/1399"}],"wp:attachment":[{"href":"https:\/\/cem.info.pl\/index.php?rest_route=%2Fwp%2Fv2%2Fmedia&parent=2324"}],"curies":[{"name":"wp","href":"https:\/\/api.w.org\/{rel}","templated":true}]}}