{"id":2070,"date":"2019-05-16T09:33:22","date_gmt":"2019-05-16T07:33:22","guid":{"rendered":"http:\/\/www.cem.info.pl\/?page_id=2070"},"modified":"2023-05-25T20:45:13","modified_gmt":"2023-05-25T18:45:13","slug":"projekty","status":"publish","type":"page","link":"https:\/\/cem.info.pl\/?page_id=2070","title":{"rendered":"Projekty"},"content":{"rendered":"<p><\/p>\n<h3 style=\"text-align: center;\">Projekty CEM<\/h3>\n<h4><span style=\"color: #008000;\">W roku 2017 z okazji Roku Ludwika Zamenhofa obchodzonego na \u015bwiecie pod auspicjami UNESCO w zwi\u0105zku z 100 . rocznic\u0105 \u015bmierci Tw\u00f3rcy ESPERANTA Centrum Edukacji Mi\u0119dzykulturowej zrealizowa\u0142o dwa programy przy wsparciu finansowym Urz\u0119du Miasta Nowego S\u0105cza.<\/span><\/h4>\n<p>Program edukacyjny adresowany by\u0142 do r\u00f3\u017cnych grup odbiorc\u00f3w &#8211; senior\u00f3w, m\u0142odzie\u017cy szkolnej i student\u00f3w. W jego ramach odby\u0142y si\u0119 spotkania szkoleniowe p.t. \u201eIdea i j\u0119zyk esperanto\u201d pod has\u0142em \u201eOdkryj fascynuj\u0105cy j\u0119zyk: esperanto\u201d. Podsumowaniem by\u0142a konferencja , kt\u00f3ra odby\u0142a si\u0119 15 grudnia w Ma\u0142opolskim Centrum Kultury w Nowym S\u0105czu zatytu\u0142owana \u201eEsperanto oknem na \u015bwiat\u201d.<\/p>\n<p>Na drugi program z\u0142o\u017cy\u0142o si\u0119 przygotowanie koncert\u00f3w zespo\u0142u \u201eE- FAMILIO\u201d i ich zaprezentowanie . Koncerty zosta\u0142y przedstawione \u2013 dwukrotnie . Pierwszy odby\u0142 si\u0119 w Warszawie 29 kwietnia i nast\u0119pny w Nowym S\u0105czu. 15 grudnia 2017 r.<\/p>\n<p>Dzi\u0119ki tym programom do wielu os\u00f3b a zw\u0142aszcza do m\u0142odzie\u017cy przekazana zosta\u0142a nowa wiedza o wybitnym Polaku Ludwiku Zamenhofie oraz o jego dziele, kt\u00f3rym jest ESPERANTO. Ogromna wi\u0119kszo\u015b\u0107 odbiorc\u00f3w program\u00f3w z poj\u0119ciem \u201eesperanto\u201d zetkn\u0119\u0142a si\u0119 po raz pierwszy. Niekt\u00f3rzy zadeklarowali zaanga\u017cowanie si\u0119 w nauk\u0119 j\u0119zyka i wspieranie idei esperanta .<\/p>\n<h3 style=\"text-align: center;\"><span style=\"color: #008000;\">Projekt zrealizowany w 2018 roku<\/span><\/h3>\n<p>Centrum Edukacji Mi\u0119dzykulturowej Nowym S\u0105czu z okazji 100 rocznicy odzyskania przez Polsk\u0119 niepodleg\u0142o\u015bci przygotowa\u0142o spektakl s\u0142owno \u2013 muzyczny. Program zrealizowano dzi\u0119ki wsparciu finansowemu ze \u015brodk\u00f3w projektu \u201eMa\u0142opolski O\u015brodek Wsparcia Ekonomii&nbsp; Spo\u0142ecznej &#8211; Subregion S\u0105decki\u201d w ramach umowy podpisanej ze Stowarzyszeniem Inicjatyw Spo\u0142ecznych i O\u015bwiatowych Cumulus w Nowym S\u0105czu.<\/p>\n<p>Na spektakl z\u0142o\u017cy\u0142y si\u0119 wybrane przez samych wykonawc\u00f3w projektu tj. cz\u0142onk\u00f3w \u2013 senior\u00f3w stowarzyszenia CEM znane wiersze, piosenki, fragmenty wypowiedzi samego J\u00f3zefa Pi\u0142sudskiego oraz fragment eseju \u201eP\u0105ki bia\u0142ych r\u00f3\u017c\u201d napisanego przez jedn\u0105 z uczestniczek programu. Ta inicjatywa lokalna zatytu\u0142owana zosta\u0142a przez wnioskodawc\u00f3w nast\u0119puj\u0105co \u201ePrzygotowanie cyklu spektakli teatralno \u2013 muzycznych pt. \u201eZ literatur\u0105, poezj\u0105 i pie\u015bni\u0105 przez 100 \u2013lecie Niepodleg\u0142ej Polski\u201d (KAMERA).<\/p>\n<p>W przygotowaniu spektaklu seniorom pomagali \u2013 udzielaj\u0105c instrukta\u017cu, prowadz\u0105c warsztaty &#8211; specjali\u015bci zawodowo zajmuj\u0105cy si\u0119 kultur\u0105 i sztuk\u0105. Prace nad przedstawieniem i pr\u00f3by by\u0142y nagrywane kamer\u0105 filmow\u0105 zakupion\u0105 w\u0142a\u015bnie za \u015brodki uzyskane w ramach w\/w grantu .<\/p>\n<p>Spektakl zosta\u0142 przedstawiony po raz pierwszy 10 lipca 2018 r . w Centrum Aktywnego Seniora w Nowym S\u0105czu. Zgromadzona publiczno\u015b\u0107 z uznaniem odnios\u0142a si\u0119 do zaprezentowanego jej programu. Ca\u0142y wyst\u0119p zosta\u0142 sfilmowany .<\/p>\n<p>Materia\u0142 filmowy zgromadzony w trakcie tworzenia spektaklu i jego prezentacji jest powielony na no\u015bnikach elektronicznych (p\u0142ytkach DVD) . P\u0142ytki te s\u0105 przekazywane zainteresowanym uczestnikom programu a tak\u017ce innym osobom.<\/p>\n<p>Zakupiona kamera filmowa wraz z oprzyrz\u0105dowaniem, projektor i ekran umo\u017cliwi\u0105 naszemu stowarzyszeniu rozwin\u0105\u0107, poprawi\u0107 jako\u015b\u0107 podejmowanych dzia\u0142a\u0144 a tak\u017ce poszerzy\u0107 wachlarz zada\u0144 statutowych poprzez wprowadzenie us\u0142ug \u015bwiadczonych w\u0142a\u015bnie&nbsp; dzi\u0119ki tym zakupom.<\/p>\n<p>Zamierzamy rozwija\u0107 wsp\u00f3\u0142prac\u0119 z r\u00f3\u017cnymi podmiotami zewn\u0119trznymi w celu pe\u0142nego wykorzystania sprz\u0119tu z korzy\u015bci\u0105 dla Centrum Edukacji Mi\u0119dzykulturowej.<\/p>\n<p>&nbsp;<\/p>","protected":false},"excerpt":{"rendered":"<p>Projekty CEM W roku 2017 z okazji Roku Ludwika Zamenhofa obchodzonego na \u015bwiecie pod auspicjami UNESCO w zwi\u0105zku z 100 . rocznic\u0105 \u015bmierci Tw\u00f3rcy ESPERANTA Centrum Edukacji Mi\u0119dzykulturowej zrealizowa\u0142o dwa programy przy wsparciu finansowym Urz\u0119du Miasta Nowego S\u0105cza. Program edukacyjny adresowany by\u0142 do r\u00f3\u017cnych grup odbiorc\u00f3w &#8211; senior\u00f3w, m\u0142odzie\u017cy szkolnej i student\u00f3w. W jego ramach [&hellip;]<\/p>\n","protected":false},"author":3,"featured_media":0,"parent":0,"menu_order":1,"comment_status":"closed","ping_status":"closed","template":"","meta":{"ngg_post_thumbnail":0,"footnotes":""},"class_list":["post-2070","page","type-page","status-publish","hentry"],"_links":{"self":[{"href":"https:\/\/cem.info.pl\/index.php?rest_route=\/wp\/v2\/pages\/2070","targetHints":{"allow":["GET"]}}],"collection":[{"href":"https:\/\/cem.info.pl\/index.php?rest_route=\/wp\/v2\/pages"}],"about":[{"href":"https:\/\/cem.info.pl\/index.php?rest_route=\/wp\/v2\/types\/page"}],"author":[{"embeddable":true,"href":"https:\/\/cem.info.pl\/index.php?rest_route=\/wp\/v2\/users\/3"}],"replies":[{"embeddable":true,"href":"https:\/\/cem.info.pl\/index.php?rest_route=%2Fwp%2Fv2%2Fcomments&post=2070"}],"version-history":[{"count":12,"href":"https:\/\/cem.info.pl\/index.php?rest_route=\/wp\/v2\/pages\/2070\/revisions"}],"predecessor-version":[{"id":2883,"href":"https:\/\/cem.info.pl\/index.php?rest_route=\/wp\/v2\/pages\/2070\/revisions\/2883"}],"wp:attachment":[{"href":"https:\/\/cem.info.pl\/index.php?rest_route=%2Fwp%2Fv2%2Fmedia&parent=2070"}],"curies":[{"name":"wp","href":"https:\/\/api.w.org\/{rel}","templated":true}]}}