{"id":2038,"date":"2019-03-05T23:39:34","date_gmt":"2019-03-05T22:39:34","guid":{"rendered":"http:\/\/www.cem.info.pl\/?page_id=2038"},"modified":"2019-03-06T00:16:27","modified_gmt":"2019-03-05T23:16:27","slug":"esperanto-polandrock","status":"publish","type":"page","link":"https:\/\/cem.info.pl\/?page_id=2038","title":{"rendered":"Polandrock"},"content":{"rendered":"<p><a href=\"http:\/\/www.cem.info.pl\/wp-content\/uploads\/2019\/03\/polandrock2.jpg\" rel=\"lightbox[2038]\"><img loading=\"lazy\" decoding=\"async\" class=\"wp-image-2042 aligncenter\" src=\"http:\/\/www.cem.info.pl\/wp-content\/uploads\/2019\/03\/polandrock2.jpg\" alt=\"\" width=\"630\" height=\"168\" srcset=\"https:\/\/cem.info.pl\/wp-content\/uploads\/2019\/03\/polandrock2.jpg 780w, https:\/\/cem.info.pl\/wp-content\/uploads\/2019\/03\/polandrock2-300x80.jpg 300w, https:\/\/cem.info.pl\/wp-content\/uploads\/2019\/03\/polandrock2-768x205.jpg 768w\" sizes=\"auto, (max-width: 630px) 100vw, 630px\" \/><\/a><\/p>\n<h3 style=\"text-align: center;\">Organizatorem Wielokulturowej Wioski ESPERANTO na terenie ASP (Akademii Sztuk Przepi\u0119knych) jest CEM- Centrum Edukacji Mi\u0119dzykulturowej N. S\u0105cz<\/h3>\n<p><a href=\"http:\/\/www.cem.info.pl\/wp-content\/uploads\/2019\/03\/polandrock1.png\" rel=\"lightbox[2038]\"><img loading=\"lazy\" decoding=\"async\" class=\"alignleft size-full wp-image-2044\" src=\"http:\/\/www.cem.info.pl\/wp-content\/uploads\/2019\/03\/polandrock1.png\" alt=\"\" width=\"225\" height=\"225\" srcset=\"https:\/\/cem.info.pl\/wp-content\/uploads\/2019\/03\/polandrock1.png 225w, https:\/\/cem.info.pl\/wp-content\/uploads\/2019\/03\/polandrock1-150x150.png 150w\" sizes=\"auto, (max-width: 225px) 100vw, 225px\" \/><\/a><\/p>\n<p>Wynajem, przew\u00f3z i instalacj\u0119 du\u017cych namiot\u00f3w do realizacji programu za\u0142atwia CEM. CEM zapewnia tak\u017ce sprz\u0119t elektroniczny i urz\u0105dzenia gospodarcze, sto\u0142y, \u0142awy, krzes\u0142a, \u0142\u00f3\u017cka sk\u0142adane z materacami dla LABORTEAMO \u2013 20 osobowej grupy roboczej.<\/p>\n<p>Dla Zespo\u0142u za\u0142atwiamy darmowy przejazd autobusem z Nowego S\u0105cza do Kostrzyna i z powrotem, noclegi w namiocie, obiady cateringowe i produkty do przygotowania \u015bniada\u0144 oraz kolacji.<\/p>\n<p>Zadaniem dla Zespo\u0142u b\u0119dzie prowadzenie Warsztat\u00f3w J\u0119zykowych, prezentacji i prelekcji, informacja i reklama przy stoisku oraz przed namiotem animacje dla dzieci, karaoke\u2026 Zadania zostan\u0105 rozdzielone wg grafiku dy\u017cur\u00f3w w dniach od 1-4 sierpnia wg RAMOWEGO PLANU DNIA (wyj\u0105tki w dniu przyjazdu oraz wyjazdu z terenu festiwalowego): w dniach 2\/3\/4 sierpnia 2018 program jak ni\u017cej:<\/p>\n<p>Godz.7-8 przygotowanie \u015bniadania przez dy\u017curnych<\/p>\n<p>Godz. 8-8,30 \u015bniadanie i posprz\u0105tanie<\/p>\n<p>Godz.9- 12 Warsztaty j\u0119zykowe<\/p>\n<p>( r\u00f3wnolegle \u2013 przed namiotem oraz w drugim namiocie : informacja, reklama, animacje dla dzieci, akwizycja Amikoj de Esperanto itp.)<\/p>\n<p>Godz. 12 -14 przerwa obiadowa (dy\u017curni przynios\u0105 obiady i sprz\u0105tn\u0105 )<\/p>\n<p>Godz. 14- 17 ci\u0105g dalszy Warsztat\u00f3w J\u0119zykowych i zaj\u0119\u0107 r\u00f3wnoleg\u0142ych<\/p>\n<p>Godz. 17 \u2013 18,30 Five o\u2019clock &#8211; spotkania tematyczno-integracyjne \u201ePrzyjazny Kr\u0105g\u201d \u2013 prezentacje, prelekcje, dyskusje<\/p>\n<p>Godz. 18,30 &#8211; 19 wsp\u00f3lna kolacja, potem fakultatywne sp\u0119dzanie czasu<\/p>\n<p>=================================================================<\/p>\n<p>Proponowany podzia\u0142 obowi\u0105zk\u00f3w w Zespole:<\/p>\n<p>Obs\u0142uga techniczna ( przygotowanie bazy tj. warunk\u00f3w do pobytu i pracy, potem zapewnianie sprawno\u015bci sprz\u0119tu elektronicznego i gospodarczego, zapewnianie odpowiedniej ilo\u015bci wody zimnej i gor\u0105cej, troska o sprz\u0119t (Micha\u0142 Sidorowicz, Wojtek Sieradzan, Leszek Zwoli\u0144ski, Damian Rolka)<\/p>\n<p>Informacja i reklama ( praca przy stoisku, rozmowy z przechodniami, rozdawanie ulotek i broszur, zapraszanie na Warsztaty i spotkania tematyczne, akwizycja AdE i inne akcje i Kampanie E-movado , codzienne wystawianie aktualnego programu zaj\u0119\u0107 ) Lidia Komar, Patrycja Barwi\u0144ska, Eliza Kaczanowska, Ma\u0142gorzata Kaczanowska, Renata z W-wy, Kazimierz K.<\/p>\n<p>Programowcy ( Warsztaty J\u0119zykowe, prezentacje podczas Five o\u2019clock, animacje dla dzieci, karaoke itp.) Stano Mar\u0109ek, Kamil Dudkowski, Halina Komar, Kamila Wn\u0119k, Leszek Zwoli\u0144ski.<\/p>\n<p>Pomocnicy ( zakupy produkt\u00f3w na posi\u0142ki, przynoszenie obiad\u00f3w, dy\u017curne szykowanie \u015bniada\u0144 i kolacji, dbanie o porz\u0105dek w namiotach programowych) pozosta\u0142e osoby w Zespole:<\/p>\n<p>&nbsp;<\/p>\n<p>&nbsp;<\/p>","protected":false},"excerpt":{"rendered":"<p>Organizatorem Wielokulturowej Wioski ESPERANTO na terenie ASP (Akademii Sztuk Przepi\u0119knych) jest CEM- Centrum Edukacji Mi\u0119dzykulturowej N. S\u0105cz Wynajem, przew\u00f3z i instalacj\u0119 du\u017cych namiot\u00f3w do realizacji programu za\u0142atwia CEM. CEM zapewnia tak\u017ce sprz\u0119t elektroniczny i urz\u0105dzenia gospodarcze, sto\u0142y, \u0142awy, krzes\u0142a, \u0142\u00f3\u017cka sk\u0142adane z materacami dla LABORTEAMO \u2013 20 osobowej grupy roboczej. Dla Zespo\u0142u za\u0142atwiamy darmowy przejazd [&hellip;]<\/p>\n","protected":false},"author":3,"featured_media":0,"parent":0,"menu_order":7,"comment_status":"closed","ping_status":"closed","template":"","meta":{"ngg_post_thumbnail":0,"footnotes":""},"class_list":["post-2038","page","type-page","status-publish","hentry"],"_links":{"self":[{"href":"https:\/\/cem.info.pl\/index.php?rest_route=\/wp\/v2\/pages\/2038","targetHints":{"allow":["GET"]}}],"collection":[{"href":"https:\/\/cem.info.pl\/index.php?rest_route=\/wp\/v2\/pages"}],"about":[{"href":"https:\/\/cem.info.pl\/index.php?rest_route=\/wp\/v2\/types\/page"}],"author":[{"embeddable":true,"href":"https:\/\/cem.info.pl\/index.php?rest_route=\/wp\/v2\/users\/3"}],"replies":[{"embeddable":true,"href":"https:\/\/cem.info.pl\/index.php?rest_route=%2Fwp%2Fv2%2Fcomments&post=2038"}],"version-history":[{"count":8,"href":"https:\/\/cem.info.pl\/index.php?rest_route=\/wp\/v2\/pages\/2038\/revisions"}],"predecessor-version":[{"id":2054,"href":"https:\/\/cem.info.pl\/index.php?rest_route=\/wp\/v2\/pages\/2038\/revisions\/2054"}],"wp:attachment":[{"href":"https:\/\/cem.info.pl\/index.php?rest_route=%2Fwp%2Fv2%2Fmedia&parent=2038"}],"curies":[{"name":"wp","href":"https:\/\/api.w.org\/{rel}","templated":true}]}}