{"id":1720,"date":"2017-04-21T11:29:05","date_gmt":"2017-04-21T09:29:05","guid":{"rendered":"http:\/\/www.cem.info.pl\/?page_id=1720"},"modified":"2017-04-21T14:00:20","modified_gmt":"2017-04-21T12:00:20","slug":"bal-na-olimpie","status":"publish","type":"page","link":"https:\/\/cem.info.pl\/?page_id=1720","title":{"rendered":"Bal na Olimpie"},"content":{"rendered":"<p><\/p>\n<h3 style=\"text-align: center;\">Na Olimpie m\u00f3wi si\u0119 w j\u0119zyku ESPERANTO<\/h3>\n<p><a href=\"http:\/\/www.cem.info.pl\/wp-content\/uploads\/2017\/04\/olimp14.jpg\" rel=\"lightbox[1720]\"><img loading=\"lazy\" decoding=\"async\" class=\"prezenty od MOK dla laureatek alignleft wp-image-1719 size-thumbnail\" title=\"prezenty od MOK dla laureatek\" src=\"http:\/\/www.cem.info.pl\/wp-content\/uploads\/2017\/04\/olimp14-150x150.jpg\" alt=\"\" width=\"150\" height=\"150\" \/><\/a> <a href=\"http:\/\/www.cem.info.pl\/wp-content\/uploads\/2017\/04\/olimp13.jpg\" rel=\"lightbox[1720]\"><img loading=\"lazy\" decoding=\"async\" class=\"\u017cycznie od Dyrekcji MOK alignleft wp-image-1718 size-thumbnail\" title=\"\u017cycznie od Dyrekcji MOK\" src=\"http:\/\/www.cem.info.pl\/wp-content\/uploads\/2017\/04\/olimp13-150x150.jpg\" alt=\"\" width=\"150\" height=\"150\" \/><\/a> <a href=\"http:\/\/www.cem.info.pl\/wp-content\/uploads\/2017\/04\/olimp12.jpg\" rel=\"lightbox[1720]\"><img loading=\"lazy\" decoding=\"async\" class=\"trzy CHARYTY alignleft wp-image-1717 size-thumbnail\" title=\"trzy CHARYTY\" src=\"http:\/\/www.cem.info.pl\/wp-content\/uploads\/2017\/04\/olimp12-150x150.jpg\" alt=\"\" width=\"150\" height=\"150\" \/><\/a> <a href=\"http:\/\/www.cem.info.pl\/wp-content\/uploads\/2017\/04\/olimp11.jpg\" rel=\"lightbox[1720]\"><img loading=\"lazy\" decoding=\"async\" class=\"wie\u0144czenie li\u015bciem laurowym Haliny alignleft wp-image-1716 size-thumbnail\" title=\"wie\u0144czenie li\u015bciem laurowym Haliny\" src=\"http:\/\/www.cem.info.pl\/wp-content\/uploads\/2017\/04\/olimp11-150x150.jpg\" alt=\"\" width=\"150\" height=\"150\" \/><\/a><a href=\"http:\/\/www.cem.info.pl\/wp-content\/uploads\/2017\/04\/olimp10.jpg\" rel=\"lightbox[1720]\"><img loading=\"lazy\" decoding=\"async\" class=\"wie\u0144czenie li\u015bciem laurowym Joli alignleft wp-image-1715 size-thumbnail\" title=\"wie\u0144czenie li\u015bciem laurowym Joli\" src=\"http:\/\/www.cem.info.pl\/wp-content\/uploads\/2017\/04\/olimp10-150x150.jpg\" alt=\"\" width=\"150\" height=\"150\" \/><\/a> <a href=\"http:\/\/www.cem.info.pl\/wp-content\/uploads\/2017\/04\/olimp9.jpg\" rel=\"lightbox[1720]\"><img loading=\"lazy\" decoding=\"async\" class=\" AFRODYTA, NIKE, PYTIA alignleft wp-image-1714 size-thumbnail\" title=\" AFRODYTA, NIKE, PYTIA\" src=\"http:\/\/www.cem.info.pl\/wp-content\/uploads\/2017\/04\/olimp9-150x150.jpg\" alt=\"\" width=\"150\" height=\"150\" \/><\/a> <a href=\"http:\/\/www.cem.info.pl\/wp-content\/uploads\/2017\/04\/olimp8.jpg\" rel=\"lightbox[1720]\"><img loading=\"lazy\" decoding=\"async\" class=\"alignleft size-thumbnail wp-image-1713\" src=\"http:\/\/www.cem.info.pl\/wp-content\/uploads\/2017\/04\/olimp8-150x150.jpg\" alt=\"\" width=\"150\" height=\"150\" \/><\/a> <a href=\"http:\/\/www.cem.info.pl\/wp-content\/uploads\/2017\/04\/olimp7.jpg\" rel=\"lightbox[1720]\"><img loading=\"lazy\" decoding=\"async\" class=\"werdykt w\u0142adc\u00f3w Olimpu o przyjeciu 3 nowych postaci alignleft wp-image-1712 size-thumbnail\" title=\"werdykt w\u0142adc\u00f3w Olimpu o przyjeciu 3 nowych postaci\" src=\"http:\/\/www.cem.info.pl\/wp-content\/uploads\/2017\/04\/olimp7-150x150.jpg\" alt=\"\" width=\"150\" height=\"150\" \/><\/a><a href=\"http:\/\/www.cem.info.pl\/wp-content\/uploads\/2017\/04\/olimp6.jpg\" rel=\"lightbox[1720]\"><img loading=\"lazy\" decoding=\"async\" class=\"mieszka\u0144cy Olimpu alignleft wp-image-1711 size-thumbnail\" title=\"mieszka\u0144cy Olimpu\" src=\"http:\/\/www.cem.info.pl\/wp-content\/uploads\/2017\/04\/olimp6-150x150.jpg\" alt=\"\" width=\"150\" height=\"150\" \/><\/a> <a href=\"http:\/\/www.cem.info.pl\/wp-content\/uploads\/2017\/04\/olimp5.jpg\" rel=\"lightbox[1720]\"><img loading=\"lazy\" decoding=\"async\" class=\"NIKE (Halina) alignleft wp-image-1710 size-thumbnail\" title=\"NIKE (Halina)\" src=\"http:\/\/www.cem.info.pl\/wp-content\/uploads\/2017\/04\/olimp5-150x150.jpg\" alt=\"\" width=\"150\" height=\"150\" \/><\/a> <a href=\"http:\/\/www.cem.info.pl\/wp-content\/uploads\/2017\/04\/olimp4.jpg\" rel=\"lightbox[1720]\"><img loading=\"lazy\" decoding=\"async\" class=\"mieszka\u0144cy Olimpu alignleft wp-image-1709 size-thumbnail\" title=\"mieszka\u0144cy Olimpu\" src=\"http:\/\/www.cem.info.pl\/wp-content\/uploads\/2017\/04\/olimp4-150x150.jpg\" alt=\"\" width=\"150\" height=\"150\" \/><\/a> <a href=\"http:\/\/www.cem.info.pl\/wp-content\/uploads\/2017\/04\/olimp3.jpg\" rel=\"lightbox[1720]\"><img loading=\"lazy\" decoding=\"async\" class=\"APOLLO alignleft wp-image-1708 size-thumbnail\" title=\"APOLLO\" src=\"http:\/\/www.cem.info.pl\/wp-content\/uploads\/2017\/04\/olimp3-150x150.jpg\" alt=\"\" width=\"150\" height=\"150\" \/><\/a><a href=\"http:\/\/www.cem.info.pl\/wp-content\/uploads\/2017\/04\/olimp2.jpg\" rel=\"lightbox[1720]\"><img loading=\"lazy\" decoding=\"async\" class=\" DEMETER alignleft wp-image-1707 size-thumbnail\" title=\" DEMETER\" src=\"http:\/\/www.cem.info.pl\/wp-content\/uploads\/2017\/04\/olimp2-150x150.jpg\" alt=\"\" width=\"150\" height=\"150\" \/><\/a> <a href=\"http:\/\/www.cem.info.pl\/wp-content\/uploads\/2017\/04\/olimp1.jpg\" rel=\"lightbox[1720]\"><img loading=\"lazy\" decoding=\"async\" class=\"W\u0142adcy PANTEONU alignleft wp-image-1706 size-thumbnail\" title=\"W\u0142adcy PANTEONU\" src=\"http:\/\/www.cem.info.pl\/wp-content\/uploads\/2017\/04\/olimp1-150x150.jpg\" alt=\"\" width=\"150\" height=\"150\" \/><\/a><\/p>","protected":false},"excerpt":{"rendered":"<p>Na Olimpie m\u00f3wi si\u0119 w j\u0119zyku ESPERANTO<\/p>\n","protected":false},"author":3,"featured_media":0,"parent":106,"menu_order":12,"comment_status":"closed","ping_status":"closed","template":"","meta":{"ngg_post_thumbnail":0,"footnotes":""},"class_list":["post-1720","page","type-page","status-publish","hentry"],"_links":{"self":[{"href":"https:\/\/cem.info.pl\/index.php?rest_route=\/wp\/v2\/pages\/1720","targetHints":{"allow":["GET"]}}],"collection":[{"href":"https:\/\/cem.info.pl\/index.php?rest_route=\/wp\/v2\/pages"}],"about":[{"href":"https:\/\/cem.info.pl\/index.php?rest_route=\/wp\/v2\/types\/page"}],"author":[{"embeddable":true,"href":"https:\/\/cem.info.pl\/index.php?rest_route=\/wp\/v2\/users\/3"}],"replies":[{"embeddable":true,"href":"https:\/\/cem.info.pl\/index.php?rest_route=%2Fwp%2Fv2%2Fcomments&post=1720"}],"version-history":[{"count":19,"href":"https:\/\/cem.info.pl\/index.php?rest_route=\/wp\/v2\/pages\/1720\/revisions"}],"predecessor-version":[{"id":1771,"href":"https:\/\/cem.info.pl\/index.php?rest_route=\/wp\/v2\/pages\/1720\/revisions\/1771"}],"up":[{"embeddable":true,"href":"https:\/\/cem.info.pl\/index.php?rest_route=\/wp\/v2\/pages\/106"}],"wp:attachment":[{"href":"https:\/\/cem.info.pl\/index.php?rest_route=%2Fwp%2Fv2%2Fmedia&parent=1720"}],"curies":[{"name":"wp","href":"https:\/\/api.w.org\/{rel}","templated":true}]}}