{"id":104,"date":"2014-06-06T00:37:05","date_gmt":"2014-06-05T22:37:05","guid":{"rendered":"http:\/\/www.cem.info.pl\/?page_id=104"},"modified":"2022-12-14T12:50:38","modified_gmt":"2022-12-14T11:50:38","slug":"wspolpraca","status":"publish","type":"page","link":"https:\/\/cem.info.pl\/?page_id=104","title":{"rendered":"Wsp\u00f3\u0142praca"},"content":{"rendered":"<p><em><strong>Wsp\u00f3\u0142pracujemy z nast\u0119puj\u0105cymi organizacjami:<\/strong><br \/>\n<\/em><\/p>\n<p>&nbsp;1. Polski Zwi\u0105zek Esperantyst\u00f3w w Warszawie<br \/>\n&nbsp;2. \u015al\u0105ski Zwi\u0105zek Esperancki we Wroc\u0142awiu<br \/>\n&nbsp;3. Polski Zwi\u0105zek Esperantyst\u00f3w oddzia\u0142 w Gliwicach<br \/>\n&nbsp;4. Bia\u0142ostockie Towarzystwo Esperantyst\u00f3w w Bia\u0142ystoku<br \/>\n&nbsp;5. Interkultura Centro Herzberg w Herzberg am Harz w Niemczech<br \/>\n&nbsp;6. Slovakia Esperanto Federacio w Partizanske na S\u0142owacji<br \/>\n&nbsp;7. Itala Esperanta Federacio w Mediolanie we W\u0142oszech<br \/>\n&nbsp;8. Miejski O\u015brodek Kultury w Nowym S\u0105czu<br \/>\n&nbsp;9. S\u0105decka Biblioteka Publiczna w Nowym S\u0105czu<br \/>\n10. S\u0105decki Uniwersytet Trzeciego Wieku w Nowym S\u0105czu<\/p>\n<p>&nbsp;<\/p>","protected":false},"excerpt":{"rendered":"<p>Wsp\u00f3\u0142pracujemy z nast\u0119puj\u0105cymi organizacjami: &nbsp;1. Polski Zwi\u0105zek Esperantyst\u00f3w w Warszawie &nbsp;2. \u015al\u0105ski Zwi\u0105zek Esperancki we Wroc\u0142awiu &nbsp;3. Polski Zwi\u0105zek Esperantyst\u00f3w oddzia\u0142 w Gliwicach &nbsp;4. Bia\u0142ostockie Towarzystwo Esperantyst\u00f3w w Bia\u0142ystoku &nbsp;5. Interkultura Centro Herzberg w Herzberg am Harz w Niemczech &nbsp;6. Slovakia Esperanto Federacio w Partizanske na S\u0142owacji &nbsp;7. Itala Esperanta Federacio w Mediolanie we W\u0142oszech [&hellip;]<\/p>\n","protected":false},"author":3,"featured_media":0,"parent":0,"menu_order":8,"comment_status":"closed","ping_status":"closed","template":"","meta":{"ngg_post_thumbnail":0,"footnotes":""},"class_list":["post-104","page","type-page","status-publish","hentry"],"_links":{"self":[{"href":"https:\/\/cem.info.pl\/index.php?rest_route=\/wp\/v2\/pages\/104","targetHints":{"allow":["GET"]}}],"collection":[{"href":"https:\/\/cem.info.pl\/index.php?rest_route=\/wp\/v2\/pages"}],"about":[{"href":"https:\/\/cem.info.pl\/index.php?rest_route=\/wp\/v2\/types\/page"}],"author":[{"embeddable":true,"href":"https:\/\/cem.info.pl\/index.php?rest_route=\/wp\/v2\/users\/3"}],"replies":[{"embeddable":true,"href":"https:\/\/cem.info.pl\/index.php?rest_route=%2Fwp%2Fv2%2Fcomments&post=104"}],"version-history":[{"count":22,"href":"https:\/\/cem.info.pl\/index.php?rest_route=\/wp\/v2\/pages\/104\/revisions"}],"predecessor-version":[{"id":2479,"href":"https:\/\/cem.info.pl\/index.php?rest_route=\/wp\/v2\/pages\/104\/revisions\/2479"}],"wp:attachment":[{"href":"https:\/\/cem.info.pl\/index.php?rest_route=%2Fwp%2Fv2%2Fmedia&parent=104"}],"curies":[{"name":"wp","href":"https:\/\/api.w.org\/{rel}","templated":true}]}}