{"id":102,"date":"2014-06-06T00:35:24","date_gmt":"2014-06-05T22:35:24","guid":{"rendered":"http:\/\/www.cem.info.pl\/?page_id=102"},"modified":"2022-12-15T18:08:27","modified_gmt":"2022-12-15T17:08:27","slug":"media-o-nas","status":"publish","type":"page","link":"https:\/\/cem.info.pl\/?page_id=102","title":{"rendered":"Media"},"content":{"rendered":"<p><a href=\"https:\/\/sadeczanin.info\/kultura-edukacja-religia-telewizja\/sadeckie-cem-od-lat-krzewi-jezyk-esperanto-bylo-wyjatkowe\" target=\"_blank\" rel=\"noopener\">S\u0105deczanin &#8211; S\u0105deckie CEM od lat krzewi j\u0119zyk esperanto. To by\u0142o wyj\u0105tkowe spotkanie<\/a><\/p>\n<p style=\"text-align: left;\">Ekonomia Forumo:&nbsp;<a href=\"http:\/\/sezonoj.ru\/2015\/09\/krynica\/\" target=\"_blank\" rel=\"noopener\">http:\/\/sezonoj.ru\/2015\/09\/krynica\/<\/a><\/p>\n<p style=\"text-align: left;\"><a href=\"https:\/\/cem.info.pl\/wp-content\/uploads\/2022\/12\/gazetowe-grundtvig-2013-2015-lasta-seminario-de.pdf\" target=\"_blank\" rel=\"noopener\">GAZETOWE &#8211; Grundtvig 2013 &#8211; 2015 lasta seminario DE<\/a>&nbsp;doc<\/p>\n<p style=\"text-align: left;\"><a href=\"http:\/\/www.cem.info.pl\/wp-content\/uploads\/2015\/10\/gazetowe-europa-bulteno-entuziasmo-en-pollando-post-la-novembra-atinga\u0134o.pdf\" target=\"_blank\" rel=\"noopener\">GAZETOWE &#8211; Europa Bulteno ENTUZIASMO EN POLLANDO POST LA NOVEMBRA ATINGA\u0134O<\/a>&nbsp;pdf<\/p>\n<p><a href=\"http:\/\/www.cem.info.pl\/wp-content\/uploads\/2015\/10\/gazetowe-2014-sadeckie-swieto-jezyka-esperanto-rozpocznie-sie-w-czwartek-sadeczanin-twoj-nowy-sacz-1.pdf\" target=\"_blank\" rel=\"noopener\">GAZETOWE &#8211; 2014 S\u0105deckie \u015bwi\u0119to j\u0119zyka esperanto rozpocznie si\u0119 w czwartek &#8211; S\u0105deczanin &#8211; Tw\u00f3j Nowy S\u0105cz (1)<\/a>&nbsp;pdf<\/p>\n<p style=\"text-align: left;\"><a href=\"http:\/\/www.cem.info.pl\/wp-content\/uploads\/2015\/10\/cem-dzien-zamenhofa-w-portalu-sadeczanin.pdf\" target=\"_blank\" rel=\"noopener\">CEM &#8211; DZIE\u0143 ZAMENHOFA w portalu Sadeczanin<\/a>&nbsp;pdf<\/p>\n<p><a href=\"http:\/\/www.cem.info.pl\/wp-content\/uploads\/2015\/10\/cem-tvp-sadecka-esperantystka-w-tvp-o-aktywnym-zyciu-seniora-2013.pdf\" target=\"_blank\" rel=\"noopener\">CEM &#8211; TVP S\u0105decka esperantystka w TVP o aktywnym \u017cyciu seniora 2013<\/a>&nbsp;pdf<\/p>","protected":false},"excerpt":{"rendered":"<p>S\u0105deczanin &#8211; S\u0105deckie CEM od lat krzewi j\u0119zyk esperanto. To by\u0142o wyj\u0105tkowe spotkanie Ekonomia Forumo:&nbsp;http:\/\/sezonoj.ru\/2015\/09\/krynica\/ GAZETOWE &#8211; Grundtvig 2013 &#8211; 2015 lasta seminario DE&nbsp;doc GAZETOWE &#8211; Europa Bulteno ENTUZIASMO EN POLLANDO POST LA NOVEMBRA ATINGA\u0134O&nbsp;pdf GAZETOWE &#8211; 2014 S\u0105deckie \u015bwi\u0119to j\u0119zyka esperanto rozpocznie si\u0119 w czwartek &#8211; S\u0105deczanin &#8211; Tw\u00f3j Nowy S\u0105cz (1)&nbsp;pdf CEM &#8211; [&hellip;]<\/p>\n","protected":false},"author":3,"featured_media":0,"parent":0,"menu_order":9,"comment_status":"closed","ping_status":"closed","template":"","meta":{"ngg_post_thumbnail":0,"footnotes":""},"class_list":["post-102","page","type-page","status-publish","hentry"],"_links":{"self":[{"href":"https:\/\/cem.info.pl\/index.php?rest_route=\/wp\/v2\/pages\/102","targetHints":{"allow":["GET"]}}],"collection":[{"href":"https:\/\/cem.info.pl\/index.php?rest_route=\/wp\/v2\/pages"}],"about":[{"href":"https:\/\/cem.info.pl\/index.php?rest_route=\/wp\/v2\/types\/page"}],"author":[{"embeddable":true,"href":"https:\/\/cem.info.pl\/index.php?rest_route=\/wp\/v2\/users\/3"}],"replies":[{"embeddable":true,"href":"https:\/\/cem.info.pl\/index.php?rest_route=%2Fwp%2Fv2%2Fcomments&post=102"}],"version-history":[{"count":19,"href":"https:\/\/cem.info.pl\/index.php?rest_route=\/wp\/v2\/pages\/102\/revisions"}],"predecessor-version":[{"id":2495,"href":"https:\/\/cem.info.pl\/index.php?rest_route=\/wp\/v2\/pages\/102\/revisions\/2495"}],"wp:attachment":[{"href":"https:\/\/cem.info.pl\/index.php?rest_route=%2Fwp%2Fv2%2Fmedia&parent=102"}],"curies":[{"name":"wp","href":"https:\/\/api.w.org\/{rel}","templated":true}]}}